{"id":1079,"date":"2023-06-27T11:19:39","date_gmt":"2023-06-27T09:19:39","guid":{"rendered":"https:\/\/eclatcosmetique.fr\/rechtliche-hinweise\/"},"modified":"2026-01-22T15:33:03","modified_gmt":"2026-01-22T14:33:03","slug":"rechtliche-hinweise","status":"publish","type":"page","link":"https:\/\/eclatcosmetique.fr\/de\/rechtliche-hinweise\/","title":{"rendered":"Rechtliche Hinweise"},"content":{"rendered":"\t\t<div data-elementor-type=\"wp-page\" data-elementor-id=\"1079\" class=\"elementor elementor-1079 elementor-9\" data-elementor-post-type=\"page\">\n\t\t\t\t<div class=\"elementor-element elementor-element-6107e836 e-flex e-con-boxed e-con e-parent\" data-id=\"6107e836\" data-element_type=\"container\" data-settings=\"{&quot;background_background&quot;:&quot;classic&quot;,&quot;shape_divider_bottom&quot;:&quot;mountains&quot;}\">\n\t\t\t\t\t<div class=\"e-con-inner\">\n\t\t\t\t<div class=\"elementor-shape elementor-shape-bottom\" data-negative=\"false\">\n\t\t\t<svg xmlns=\"http:\/\/www.w3.org\/2000\/svg\" viewBox=\"0 0 1000 100\" preserveAspectRatio=\"none\">\n\t<path class=\"elementor-shape-fill\" opacity=\"0.33\" d=\"M473,67.3c-203.9,88.3-263.1-34-320.3,0C66,119.1,0,59.7,0,59.7V0h1000v59.7 c0,0-62.1,26.1-94.9,29.3c-32.8,3.3-62.8-12.3-75.8-22.1C806,49.6,745.3,8.7,694.9,4.7S492.4,59,473,67.3z\"\/>\n\t<path class=\"elementor-shape-fill\" opacity=\"0.66\" d=\"M734,67.3c-45.5,0-77.2-23.2-129.1-39.1c-28.6-8.7-150.3-10.1-254,39.1 s-91.7-34.4-149.2,0C115.7,118.3,0,39.8,0,39.8V0h1000v36.5c0,0-28.2-18.5-92.1-18.5C810.2,18.1,775.7,67.3,734,67.3z\"\/>\n\t<path class=\"elementor-shape-fill\" d=\"M766.1,28.9c-200-57.5-266,65.5-395.1,19.5C242,1.8,242,5.4,184.8,20.6C128,35.8,132.3,44.9,89.9,52.5C28.6,63.7,0,0,0,0 h1000c0,0-9.9,40.9-83.6,48.1S829.6,47,766.1,28.9z\"\/>\n<\/svg>\t\t<\/div>\n\t\t\t\t<div class=\"elementor-element elementor-element-96b5093 elementor-widget elementor-widget-heading\" data-id=\"96b5093\" data-element_type=\"widget\" data-widget_type=\"heading.default\">\n\t\t\t\t<div class=\"elementor-widget-container\">\n\t\t\t<h1 class=\"elementor-heading-title elementor-size-default\">Rechtliche Hinweise<\/h1>\t\t<\/div>\n\t\t\t\t<\/div>\n\t\t\t\t\t<\/div>\n\t\t\t\t<\/div>\n\t\t<div class=\"elementor-element elementor-element-0273352 e-flex e-con-boxed e-con e-parent\" data-id=\"0273352\" data-element_type=\"container\">\n\t\t\t\t\t<div class=\"e-con-inner\">\n\t\t\t\t<div class=\"elementor-element elementor-element-63a8551 elementor-widget elementor-widget-heading\" data-id=\"63a8551\" data-element_type=\"widget\" data-widget_type=\"heading.default\">\n\t\t\t\t<div class=\"elementor-widget-container\">\n\t\t\t<h2 class=\"elementor-heading-title elementor-size-default\">1. Gesetzliche Informationen<\/h2>\t\t<\/div>\n\t\t\t\t<\/div>\n\t\t\t\t<div class=\"elementor-element elementor-element-5516401 elementor-widget elementor-widget-text-editor\" data-id=\"5516401\" data-element_type=\"widget\" data-widget_type=\"text-editor.default\">\n\t\t\t\t<div class=\"elementor-widget-container\">\n\t\t\t\t\t\t\t<p>Gem\u00e4\u00df Artikel 6-III und 19 des Gesetzes f\u00fcr Vertrauen in der digitalen Wirtschaft informieren wir Sie, dass diese Website von :<\/p>\n<p>OVH SAS mit einem Kapital von 10.069.020 \u20ac.<\/p>\n<p>RCS Lille M\u00e9tropole 424 761 419 00045<\/p>\n<p>APE-Code 2620Z<\/p>\n<p>MWST.-NR.: FR 22 424 761 419<\/p>\n<p>Eingetragener Sitz: 2 rue Kellermann &#8211; 59100 Roubaix &#8211; Frankreich<\/p>\t\t\t\t\t\t<\/div>\n\t\t\t\t<\/div>\n\t\t\t\t<div class=\"elementor-element elementor-element-b7aec04 elementor-widget elementor-widget-heading\" data-id=\"b7aec04\" data-element_type=\"widget\" data-widget_type=\"heading.default\">\n\t\t\t\t<div class=\"elementor-widget-container\">\n\t\t\t<h2 class=\"elementor-heading-title elementor-size-default\">2. Copyright und geistiges Eigentum<\/h2>\t\t<\/div>\n\t\t\t\t<\/div>\n\t\t\t\t<div class=\"elementor-element elementor-element-6670997 elementor-widget elementor-widget-text-editor\" data-id=\"6670997\" data-element_type=\"widget\" data-widget_type=\"text-editor.default\">\n\t\t\t\t<div class=\"elementor-widget-container\">\n\t\t\t\t\t\t\t<p>Alle Elemente auf unserer Website sind durch die Bestimmungen des Gesetzes \u00fcber geistiges Eigentum gesch\u00fctzt. Daher ist jede vollst\u00e4ndige oder teilweise Vervielf\u00e4ltigung oder Nachahmung ohne unsere ausdr\u00fcckliche, vorherige und schriftliche Genehmigung untersagt. <\/p>\n<p>Es ist ausdr\u00fccklich verboten, die auf der Website verf\u00fcgbaren Informationen f\u00fcr kommerzielle Zwecke zu sammeln und zu nutzen.<\/p>\n<p>Dieses Verbot erstreckt sich insbesondere, aber nicht ausschlie\u00dflich, auf alle redaktionellen Elemente auf der Website, die Bildschirmdarstellung, die f\u00fcr den Betrieb erforderliche Software, Logos, Bilder, Fotos, Grafiken, welcher Art auch immer.<\/p>\t\t\t\t\t\t<\/div>\n\t\t\t\t<\/div>\n\t\t\t\t<div class=\"elementor-element elementor-element-29e974f elementor-widget elementor-widget-heading\" data-id=\"29e974f\" data-element_type=\"widget\" data-widget_type=\"heading.default\">\n\t\t\t\t<div class=\"elementor-widget-container\">\n\t\t\t<h2 class=\"elementor-heading-title elementor-size-default\">3. Cookies<\/h2>\t\t<\/div>\n\t\t\t\t<\/div>\n\t\t\t\t<div class=\"elementor-element elementor-element-ac3f067 elementor-widget elementor-widget-text-editor\" data-id=\"ac3f067\" data-element_type=\"widget\" data-widget_type=\"text-editor.default\">\n\t\t\t\t<div class=\"elementor-widget-container\">\n\t\t\t\t\t\t\t<p>Diese Website verwendet Cookies, und der Webserver sammelt Informationen dar\u00fcber, wie unsere Website genutzt wird. Zu den gesammelten Informationen geh\u00f6ren z.B. Datum und Uhrzeit der Besuche, die Anzahl der Seitenaufrufe und die Zeit, die Sie auf unserer Website verbringen. <\/p>\n<p>Die gesammelten Informationen werden nicht f\u00fcr andere Zwecke verwendet, insbesondere werden sie ohne Ihre Zustimmung nicht f\u00fcr kommerzielle Zwecke verwendet.<\/p>\n<p>Cookies sind kleine Textdateien, die eine anonyme Kennung enthalten. Wenn Sie eine Website besuchen, fragt die Website Ihren Computer um Erlaubnis, diese Datei in einem speziellen Cookie-Verzeichnis auf Ihrer Festplatte zu speichern. Um Ihre Privatsph\u00e4re zu sch\u00fctzen, erlaubt Ihr Browser einer Website jedoch nur den Zugriff auf das Cookie, das sie selbst gespeichert hat, und nicht auf Cookies, die von anderen Websites gespeichert wurden.  <\/p>\t\t\t\t\t\t<\/div>\n\t\t\t\t<\/div>\n\t\t\t\t\t<\/div>\n\t\t\t\t<\/div>\n\t\t<div class=\"elementor-element elementor-element-0ce3e90 elementor-hidden-desktop elementor-hidden-tablet elementor-hidden-mobile e-flex e-con-boxed e-con e-parent\" data-id=\"0ce3e90\" data-element_type=\"container\">\n\t\t\t\t\t<div class=\"e-con-inner\">\n\t\t\t\t<div class=\"elementor-element elementor-element-3e23a26 elementor-widget elementor-widget-text-editor\" data-id=\"3e23a26\" data-element_type=\"widget\" data-widget_type=\"text-editor.default\">\n\t\t\t\t<div class=\"elementor-widget-container\">\n\t\t\t\t\t\t\t\n<h1 class=\"wp-block-heading\">Rechtliche Hinweise<\/h1>\n\n\n\n<h3 class=\"wp-block-heading\"><strong>1. Gesetzliche Informationen<\/strong><\/h3>\n\n\n\n<p>Gem\u00e4\u00df Artikel 6-III und 19 des Gesetzes f\u00fcr Vertrauen in der digitalen Wirtschaft informieren wir Sie, dass diese Website von :<\/p>\n\n\n\n<p>OVH SAS mit einem Kapital von 10.069.020 \u20ac.<\/p>\n\n\n\n<p>RCS Lille M\u00e9tropole 424 761 419 00045<\/p>\n\n\n\n<p>APE-Code 2620Z<\/p>\n\n\n\n<p>MWST.-NR.: FR 22 424 761 419<\/p>\n\n\n\n<p>Eingetragener Sitz: 2 rue Kellermann &#8211; 59100 Roubaix &#8211; Frankreich<\/p>\n\n\n\n<h3 class=\"wp-block-heading\"><strong>2. Copyright und geistiges Eigentum<\/strong><\/h3>\n\n\n\n<p>Alle Elemente auf unserer Website sind durch die Bestimmungen des Gesetzes \u00fcber geistiges Eigentum gesch\u00fctzt. Daher ist jede vollst\u00e4ndige oder teilweise Vervielf\u00e4ltigung oder Nachahmung ohne unsere ausdr\u00fcckliche, vorherige und schriftliche Genehmigung untersagt. <\/p>\n\n\n\n<p>Es ist ausdr\u00fccklich verboten, die auf der Website verf\u00fcgbaren Informationen f\u00fcr kommerzielle Zwecke zu sammeln und zu nutzen.<\/p>\n\n\n\n<p>Dieses Verbot erstreckt sich insbesondere, aber nicht ausschlie\u00dflich, auf alle redaktionellen Elemente auf der Website, die Bildschirmdarstellung, die f\u00fcr den Betrieb erforderliche Software, Logos, Bilder, Fotos, Grafiken, welcher Art auch immer.<\/p>\n\n\n\n<h3 class=\"wp-block-heading\"><strong>3. Cookies<\/strong><\/h3>\n\n\n\n<p>Diese Website verwendet Cookies, und der Webserver sammelt Informationen dar\u00fcber, wie unsere Website genutzt wird. Zu den gesammelten Informationen geh\u00f6ren z.B. Datum und Uhrzeit der Besuche, die Anzahl der Seitenaufrufe und die Zeit, die Sie auf unserer Website verbringen. <\/p>\n\n\n\n<p>Die gesammelten Informationen werden nicht f\u00fcr andere Zwecke verwendet, insbesondere werden sie ohne Ihre Zustimmung nicht f\u00fcr kommerzielle Zwecke verwendet.<\/p>\n\n\n\n<p>Cookies sind kleine Textdateien, die eine anonyme Kennung enthalten. Wenn Sie eine Website besuchen, fragt die Website Ihren Computer um Erlaubnis, diese Datei in einem speziellen Cookie-Verzeichnis auf Ihrer Festplatte zu speichern. Um Ihre Privatsph\u00e4re zu sch\u00fctzen, erlaubt Ihr Browser einer Website jedoch nur den Zugriff auf das Cookie, das sie selbst gespeichert hat, und nicht auf Cookies, die von anderen Websites gespeichert wurden.  <\/p>\n\t\t\t\t\t\t<\/div>\n\t\t\t\t<\/div>\n\t\t\t\t\t<\/div>\n\t\t\t\t<\/div>\n\t\t\t\t<\/div>\n\t\t","protected":false},"excerpt":{"rendered":"<p>Rechtliche Hinweise 1. Gesetzliche Informationen Gem\u00e4\u00df Artikel 6-III und 19 des Gesetzes f\u00fcr Vertrauen in der digitalen Wirtschaft informieren wir Sie, dass diese Website von : OVH SAS mit einem Kapital von 10.069.020 \u20ac. RCS Lille M\u00e9tropole 424 761 419 00045 APE-Code 2620Z MWST.-NR.: FR 22 424 761 419 Eingetragener Sitz: 2 rue Kellermann &#8211; [&hellip;]<\/p>\n","protected":false},"author":1,"featured_media":0,"parent":0,"menu_order":0,"comment_status":"closed","ping_status":"closed","template":"","meta":{"footnotes":""},"class_list":["post-1079","page","type-page","status-publish","hentry"],"yoast_head":"<!-- This site is optimized with the Yoast SEO plugin v24.0 - https:\/\/yoast.com\/wordpress\/plugins\/seo\/ -->\n<title>Rechtliche Hinweise - Eclat Cosmetique<\/title>\n<meta name=\"robots\" content=\"noindex, nofollow\" \/>\n<meta property=\"og:locale\" content=\"de_DE\" \/>\n<meta property=\"og:type\" content=\"article\" \/>\n<meta property=\"og:title\" content=\"Rechtliche Hinweise - Eclat Cosmetique\" \/>\n<meta property=\"og:description\" content=\"Rechtliche Hinweise 1. Gesetzliche Informationen Gem\u00e4\u00df Artikel 6-III und 19 des Gesetzes f\u00fcr Vertrauen in der digitalen Wirtschaft informieren wir Sie, dass diese Website von : OVH SAS mit einem Kapital von 10.069.020 \u20ac. RCS Lille M\u00e9tropole 424 761 419 00045 APE-Code 2620Z MWST.-NR.: FR 22 424 761 419 Eingetragener Sitz: 2 rue Kellermann &#8211; [&hellip;]\" \/>\n<meta property=\"og:url\" content=\"https:\/\/eclatcosmetique.fr\/de\/rechtliche-hinweise\/\" \/>\n<meta property=\"og:site_name\" content=\"Eclat Cosmetique\" \/>\n<meta property=\"article:modified_time\" content=\"2026-01-22T14:33:03+00:00\" \/>\n<meta name=\"twitter:card\" content=\"summary_large_image\" \/>\n<meta name=\"twitter:label1\" content=\"Gesch\u00e4tzte Lesezeit\" \/>\n\t<meta name=\"twitter:data1\" content=\"3 Minuten\" \/>\n<script type=\"application\/ld+json\" class=\"yoast-schema-graph\">{\"@context\":\"https:\/\/schema.org\",\"@graph\":[{\"@type\":\"WebPage\",\"@id\":\"https:\/\/eclatcosmetique.fr\/de\/rechtliche-hinweise\/\",\"url\":\"https:\/\/eclatcosmetique.fr\/de\/rechtliche-hinweise\/\",\"name\":\"Rechtliche Hinweise - Eclat Cosmetique\",\"isPartOf\":{\"@id\":\"https:\/\/eclatcosmetique.fr\/de\/#website\"},\"datePublished\":\"2023-06-27T09:19:39+00:00\",\"dateModified\":\"2026-01-22T14:33:03+00:00\",\"breadcrumb\":{\"@id\":\"https:\/\/eclatcosmetique.fr\/de\/rechtliche-hinweise\/#breadcrumb\"},\"inLanguage\":\"de\",\"potentialAction\":[{\"@type\":\"ReadAction\",\"target\":[\"https:\/\/eclatcosmetique.fr\/de\/rechtliche-hinweise\/\"]}]},{\"@type\":\"BreadcrumbList\",\"@id\":\"https:\/\/eclatcosmetique.fr\/de\/rechtliche-hinweise\/#breadcrumb\",\"itemListElement\":[{\"@type\":\"ListItem\",\"position\":1,\"name\":\"Accueil\",\"item\":\"https:\/\/eclatcosmetique.fr\/de\/beaute-passionnee-lassen-sie-sich-von-unserem-beauty-blog-leiten-um-ihre-ausstrahlung-zu-entfalten\/\"},{\"@type\":\"ListItem\",\"position\":2,\"name\":\"Rechtliche Hinweise\"}]},{\"@type\":\"WebSite\",\"@id\":\"https:\/\/eclatcosmetique.fr\/de\/#website\",\"url\":\"https:\/\/eclatcosmetique.fr\/de\/\",\"name\":\"Eclat Cosmetique\",\"description\":\"\",\"publisher\":{\"@id\":\"https:\/\/eclatcosmetique.fr\/de\/#organization\"},\"potentialAction\":[{\"@type\":\"SearchAction\",\"target\":{\"@type\":\"EntryPoint\",\"urlTemplate\":\"https:\/\/eclatcosmetique.fr\/de\/?s={search_term_string}\"},\"query-input\":{\"@type\":\"PropertyValueSpecification\",\"valueRequired\":true,\"valueName\":\"search_term_string\"}}],\"inLanguage\":\"de\"},{\"@type\":\"Organization\",\"@id\":\"https:\/\/eclatcosmetique.fr\/de\/#organization\",\"name\":\"Eclat Cosmetique\",\"url\":\"https:\/\/eclatcosmetique.fr\/de\/\",\"logo\":{\"@type\":\"ImageObject\",\"inLanguage\":\"de\",\"@id\":\"https:\/\/eclatcosmetique.fr\/de\/#\/schema\/logo\/image\/\",\"url\":\"https:\/\/eclatcosmetique.fr\/wp-content\/uploads\/2023\/06\/eclatcosmetique.png\",\"contentUrl\":\"https:\/\/eclatcosmetique.fr\/wp-content\/uploads\/2023\/06\/eclatcosmetique.png\",\"width\":250,\"height\":250,\"caption\":\"Eclat Cosmetique\"},\"image\":{\"@id\":\"https:\/\/eclatcosmetique.fr\/de\/#\/schema\/logo\/image\/\"}}]}<\/script>\n<!-- \/ Yoast SEO plugin. -->","yoast_head_json":{"title":"Rechtliche Hinweise - Eclat Cosmetique","robots":{"index":"noindex","follow":"nofollow"},"og_locale":"de_DE","og_type":"article","og_title":"Rechtliche Hinweise - Eclat Cosmetique","og_description":"Rechtliche Hinweise 1. Gesetzliche Informationen Gem\u00e4\u00df Artikel 6-III und 19 des Gesetzes f\u00fcr Vertrauen in der digitalen Wirtschaft informieren wir Sie, dass diese Website von : OVH SAS mit einem Kapital von 10.069.020 \u20ac. RCS Lille M\u00e9tropole 424 761 419 00045 APE-Code 2620Z MWST.-NR.: FR 22 424 761 419 Eingetragener Sitz: 2 rue Kellermann &#8211; [&hellip;]","og_url":"https:\/\/eclatcosmetique.fr\/de\/rechtliche-hinweise\/","og_site_name":"Eclat Cosmetique","article_modified_time":"2026-01-22T14:33:03+00:00","twitter_card":"summary_large_image","twitter_misc":{"Gesch\u00e4tzte Lesezeit":"3 Minuten"},"schema":{"@context":"https:\/\/schema.org","@graph":[{"@type":"WebPage","@id":"https:\/\/eclatcosmetique.fr\/de\/rechtliche-hinweise\/","url":"https:\/\/eclatcosmetique.fr\/de\/rechtliche-hinweise\/","name":"Rechtliche Hinweise - Eclat Cosmetique","isPartOf":{"@id":"https:\/\/eclatcosmetique.fr\/de\/#website"},"datePublished":"2023-06-27T09:19:39+00:00","dateModified":"2026-01-22T14:33:03+00:00","breadcrumb":{"@id":"https:\/\/eclatcosmetique.fr\/de\/rechtliche-hinweise\/#breadcrumb"},"inLanguage":"de","potentialAction":[{"@type":"ReadAction","target":["https:\/\/eclatcosmetique.fr\/de\/rechtliche-hinweise\/"]}]},{"@type":"BreadcrumbList","@id":"https:\/\/eclatcosmetique.fr\/de\/rechtliche-hinweise\/#breadcrumb","itemListElement":[{"@type":"ListItem","position":1,"name":"Accueil","item":"https:\/\/eclatcosmetique.fr\/de\/beaute-passionnee-lassen-sie-sich-von-unserem-beauty-blog-leiten-um-ihre-ausstrahlung-zu-entfalten\/"},{"@type":"ListItem","position":2,"name":"Rechtliche Hinweise"}]},{"@type":"WebSite","@id":"https:\/\/eclatcosmetique.fr\/de\/#website","url":"https:\/\/eclatcosmetique.fr\/de\/","name":"Eclat Cosmetique","description":"","publisher":{"@id":"https:\/\/eclatcosmetique.fr\/de\/#organization"},"potentialAction":[{"@type":"SearchAction","target":{"@type":"EntryPoint","urlTemplate":"https:\/\/eclatcosmetique.fr\/de\/?s={search_term_string}"},"query-input":{"@type":"PropertyValueSpecification","valueRequired":true,"valueName":"search_term_string"}}],"inLanguage":"de"},{"@type":"Organization","@id":"https:\/\/eclatcosmetique.fr\/de\/#organization","name":"Eclat Cosmetique","url":"https:\/\/eclatcosmetique.fr\/de\/","logo":{"@type":"ImageObject","inLanguage":"de","@id":"https:\/\/eclatcosmetique.fr\/de\/#\/schema\/logo\/image\/","url":"https:\/\/eclatcosmetique.fr\/wp-content\/uploads\/2023\/06\/eclatcosmetique.png","contentUrl":"https:\/\/eclatcosmetique.fr\/wp-content\/uploads\/2023\/06\/eclatcosmetique.png","width":250,"height":250,"caption":"Eclat Cosmetique"},"image":{"@id":"https:\/\/eclatcosmetique.fr\/de\/#\/schema\/logo\/image\/"}}]}},"rttpg_featured_image_url":null,"rttpg_author":{"display_name":"eclatcosmetique","author_link":"https:\/\/eclatcosmetique.fr\/de\/author\/eclatcosmetique\/"},"rttpg_comment":0,"rttpg_category":false,"rttpg_excerpt":"Rechtliche Hinweise 1. Gesetzliche Informationen Gem\u00e4\u00df Artikel 6-III und 19 des Gesetzes f\u00fcr Vertrauen in der digitalen Wirtschaft informieren wir Sie, dass diese Website von : OVH SAS mit einem Kapital von 10.069.020 \u20ac. RCS Lille M\u00e9tropole 424 761 419 00045 APE-Code 2620Z MWST.-NR.: FR 22 424 761 419 Eingetragener Sitz: 2 rue Kellermann &#8211;&hellip;","_links":{"self":[{"href":"https:\/\/eclatcosmetique.fr\/de\/wp-json\/wp\/v2\/pages\/1079","targetHints":{"allow":["GET"]}}],"collection":[{"href":"https:\/\/eclatcosmetique.fr\/de\/wp-json\/wp\/v2\/pages"}],"about":[{"href":"https:\/\/eclatcosmetique.fr\/de\/wp-json\/wp\/v2\/types\/page"}],"author":[{"embeddable":true,"href":"https:\/\/eclatcosmetique.fr\/de\/wp-json\/wp\/v2\/users\/1"}],"replies":[{"embeddable":true,"href":"https:\/\/eclatcosmetique.fr\/de\/wp-json\/wp\/v2\/comments?post=1079"}],"version-history":[{"count":9,"href":"https:\/\/eclatcosmetique.fr\/de\/wp-json\/wp\/v2\/pages\/1079\/revisions"}],"predecessor-version":[{"id":1112,"href":"https:\/\/eclatcosmetique.fr\/de\/wp-json\/wp\/v2\/pages\/1079\/revisions\/1112"}],"wp:attachment":[{"href":"https:\/\/eclatcosmetique.fr\/de\/wp-json\/wp\/v2\/media?parent=1079"}],"curies":[{"name":"wp","href":"https:\/\/api.w.org\/{rel}","templated":true}]}}